{"id":14,"date":"2026-03-19T13:40:03","date_gmt":"2026-03-19T12:40:03","guid":{"rendered":"http:\/\/sklep.dzielasztuki.pl\/?page_id=14"},"modified":"2026-03-19T14:18:02","modified_gmt":"2026-03-19T13:18:02","slug":"14-2","status":"publish","type":"page","link":"https:\/\/sklep.dzielasztuki.pl\/index.php\/14-2\/","title":{"rendered":""},"content":{"rendered":"\n<div class=\"wp-block-group alignfull is-style-ext-preset--group--natural-1--section has-background-background-color has-background has-global-padding is-layout-constrained wp-container-core-group-is-layout-e955bbaf wp-block-group-is-layout-constrained\" style=\"margin-top:0;margin-bottom:0;padding-top:var(--wp--preset--spacing--70);padding-bottom:var(--wp--preset--spacing--70)\">\n<h2 class=\"wp-block-heading has-text-align-center ext-animate--on\">Odkryj nasze pyszne menu.<\/h2>\n\n\n\n<p class=\"has-text-align-center ext-animate--on\" style=\"margin-top:1.5rem\">Ta sekcja podkre\u015bla r\u00f3\u017cnorodno\u015b\u0107 da\u0144 w naszym menu.<\/p>\n\n\n\n<div class=\"wp-block-columns alignwide is-layout-flex wp-container-core-columns-is-layout-08c01c1c wp-block-columns-is-layout-flex\">\n<div class=\"wp-block-column is-vertically-aligned-stretch ext-animate--on is-layout-flow wp-container-core-column-is-layout-119bc444 wp-block-column-is-layout-flow\">\n<div class=\"wp-block-group is-style-ext-preset--group--natural-1--item-card-1--align-start has-global-padding is-layout-constrained wp-block-group-is-layout-constrained\">\n<div class=\"wp-block-group is-style-default has-global-padding is-layout-constrained wp-block-group-is-layout-constrained\">\n<div class=\"wp-block-group is-nowrap is-layout-flex wp-container-core-group-is-layout-73492678 wp-block-group-is-layout-flex\" style=\"padding-top:0;padding-right:0;padding-bottom:0;padding-left:0\">\n<figure class=\"wp-block-image size-large has-custom-border ext-aspect-landscape wp-container-content-d9f67ff0\"><img loading=\"lazy\" decoding=\"async\" width=\"1280\" height=\"1280\" class=\"wp-image-16\" src=\"http:\/\/sklep.dzielasztuki.pl\/wp-content\/uploads\/2026\/03\/84d98b48e864cf9b59fdfc39fe4cc158c0da007c.jpg\" alt=\"\" style=\"border-radius:100px;aspect-ratio:1;object-fit:cover\" srcset=\"https:\/\/sklep.dzielasztuki.pl\/wp-content\/uploads\/2026\/03\/84d98b48e864cf9b59fdfc39fe4cc158c0da007c.jpg 1280w, https:\/\/sklep.dzielasztuki.pl\/wp-content\/uploads\/2026\/03\/84d98b48e864cf9b59fdfc39fe4cc158c0da007c-300x300.jpg 300w, https:\/\/sklep.dzielasztuki.pl\/wp-content\/uploads\/2026\/03\/84d98b48e864cf9b59fdfc39fe4cc158c0da007c-1024x1024.jpg 1024w, https:\/\/sklep.dzielasztuki.pl\/wp-content\/uploads\/2026\/03\/84d98b48e864cf9b59fdfc39fe4cc158c0da007c-150x150.jpg 150w, https:\/\/sklep.dzielasztuki.pl\/wp-content\/uploads\/2026\/03\/84d98b48e864cf9b59fdfc39fe4cc158c0da007c-768x768.jpg 768w, https:\/\/sklep.dzielasztuki.pl\/wp-content\/uploads\/2026\/03\/84d98b48e864cf9b59fdfc39fe4cc158c0da007c-600x600.jpg 600w, https:\/\/sklep.dzielasztuki.pl\/wp-content\/uploads\/2026\/03\/84d98b48e864cf9b59fdfc39fe4cc158c0da007c-100x100.jpg 100w\" sizes=\"auto, (max-width: 1280px) 100vw, 1280px\" \/><\/figure>\n\n\n\n<div class=\"wp-block-group wp-container-content-958eb9dc has-global-padding is-layout-constrained wp-container-core-group-is-layout-c06d165c wp-block-group-is-layout-constrained\" style=\"padding-top:0;padding-right:0;padding-bottom:0;padding-left:0\">\n<div class=\"wp-block-group is-content-justification-space-between is-layout-flex wp-container-core-group-is-layout-6dafecd9 wp-block-group-is-layout-flex\" style=\"padding-top:0;padding-right:0;padding-bottom:0;padding-left:0\">\n<h3 class=\"wp-block-heading\">Produkt jeden.<\/h3>\n\n\n\n<h3 class=\"wp-block-heading\">9,99 USD<\/h3>\n<\/div>\n\n\n\n<p>Ten produkt zosta\u0142 zaprojektowany z najwy\u017cszej jako\u015bci funkcjami dla maksymalnej wydajno\u015bci.<\/p>\n<\/div>\n<\/div>\n<\/div>\n<\/div>\n<\/div>\n\n\n\n<div class=\"wp-block-column is-vertically-aligned-stretch ext-animate--on is-layout-flow wp-container-core-column-is-layout-119bc444 wp-block-column-is-layout-flow\">\n<div class=\"wp-block-group is-style-ext-preset--group--natural-1--item-card-1--align-start has-global-padding is-layout-constrained wp-block-group-is-layout-constrained\">\n<div class=\"wp-block-group is-style-default has-global-padding is-layout-constrained wp-block-group-is-layout-constrained\">\n<div class=\"wp-block-group is-nowrap is-layout-flex wp-container-core-group-is-layout-73492678 wp-block-group-is-layout-flex\" style=\"padding-top:0;padding-right:0;padding-bottom:0;padding-left:0\">\n<figure class=\"wp-block-image size-large has-custom-border ext-aspect-landscape wp-container-content-d9f67ff0\"><img loading=\"lazy\" decoding=\"async\" width=\"1280\" height=\"905\" class=\"wp-image-17\" src=\"http:\/\/sklep.dzielasztuki.pl\/wp-content\/uploads\/2026\/03\/de0ed2570be3dc97da9785140f6d288ba528ef52.jpg\" alt=\"\" style=\"border-radius:100px;aspect-ratio:1;object-fit:cover\" srcset=\"https:\/\/sklep.dzielasztuki.pl\/wp-content\/uploads\/2026\/03\/de0ed2570be3dc97da9785140f6d288ba528ef52.jpg 1280w, https:\/\/sklep.dzielasztuki.pl\/wp-content\/uploads\/2026\/03\/de0ed2570be3dc97da9785140f6d288ba528ef52-300x212.jpg 300w, https:\/\/sklep.dzielasztuki.pl\/wp-content\/uploads\/2026\/03\/de0ed2570be3dc97da9785140f6d288ba528ef52-1024x724.jpg 1024w, https:\/\/sklep.dzielasztuki.pl\/wp-content\/uploads\/2026\/03\/de0ed2570be3dc97da9785140f6d288ba528ef52-768x543.jpg 768w, https:\/\/sklep.dzielasztuki.pl\/wp-content\/uploads\/2026\/03\/de0ed2570be3dc97da9785140f6d288ba528ef52-600x424.jpg 600w\" sizes=\"auto, (max-width: 1280px) 100vw, 1280px\" \/><\/figure>\n\n\n\n<div class=\"wp-block-group wp-container-content-958eb9dc has-global-padding is-layout-constrained wp-container-core-group-is-layout-c06d165c wp-block-group-is-layout-constrained\" style=\"padding-top:0;padding-right:0;padding-bottom:0;padding-left:0\">\n<div class=\"wp-block-group is-content-justification-space-between is-layout-flex wp-container-core-group-is-layout-6dafecd9 wp-block-group-is-layout-flex\" style=\"padding-top:0;padding-right:0;padding-bottom:0;padding-left:0\">\n<h3 class=\"wp-block-heading\">Produkt Cztery<\/h3>\n\n\n\n<h3 class=\"wp-block-heading\">39,99 USD<\/h3>\n<\/div>\n\n\n\n<p>Ten produkt wyr\u00f3\u017cnia si\u0119 wysok\u0105 jako\u015bci\u0105 wykonania i funkcjonalno\u015bci\u0105.<\/p>\n<\/div>\n<\/div>\n<\/div>\n<\/div>\n<\/div>\n<\/div>\n\n\n\n<div class=\"wp-block-columns alignwide is-layout-flex wp-container-core-columns-is-layout-967d05ff wp-block-columns-is-layout-flex\" style=\"margin-top:var(--wp--preset--spacing--40)\">\n<div class=\"wp-block-column is-vertically-aligned-stretch ext-animate--on is-layout-flow wp-container-core-column-is-layout-119bc444 wp-block-column-is-layout-flow\">\n<div class=\"wp-block-group is-style-ext-preset--group--natural-1--item-card-1--align-start has-global-padding is-layout-constrained wp-block-group-is-layout-constrained\">\n<div class=\"wp-block-group is-style-default has-global-padding is-layout-constrained wp-block-group-is-layout-constrained\">\n<div class=\"wp-block-group is-nowrap is-layout-flex wp-container-core-group-is-layout-73492678 wp-block-group-is-layout-flex\" style=\"padding-top:0;padding-right:0;padding-bottom:0;padding-left:0\">\n<figure class=\"wp-block-image size-large has-custom-border ext-aspect-landscape wp-container-content-d9f67ff0\"><img loading=\"lazy\" decoding=\"async\" width=\"1280\" height=\"720\" class=\"wp-image-18\" src=\"http:\/\/sklep.dzielasztuki.pl\/wp-content\/uploads\/2026\/03\/dad7e8c9442b3da7ee06673ed2fa6b3f81f78c0e.jpg\" alt=\"\" style=\"border-radius:100px;aspect-ratio:1;object-fit:cover\" srcset=\"https:\/\/sklep.dzielasztuki.pl\/wp-content\/uploads\/2026\/03\/dad7e8c9442b3da7ee06673ed2fa6b3f81f78c0e.jpg 1280w, https:\/\/sklep.dzielasztuki.pl\/wp-content\/uploads\/2026\/03\/dad7e8c9442b3da7ee06673ed2fa6b3f81f78c0e-300x169.jpg 300w, https:\/\/sklep.dzielasztuki.pl\/wp-content\/uploads\/2026\/03\/dad7e8c9442b3da7ee06673ed2fa6b3f81f78c0e-1024x576.jpg 1024w, https:\/\/sklep.dzielasztuki.pl\/wp-content\/uploads\/2026\/03\/dad7e8c9442b3da7ee06673ed2fa6b3f81f78c0e-768x432.jpg 768w, https:\/\/sklep.dzielasztuki.pl\/wp-content\/uploads\/2026\/03\/dad7e8c9442b3da7ee06673ed2fa6b3f81f78c0e-600x338.jpg 600w\" sizes=\"auto, (max-width: 1280px) 100vw, 1280px\" \/><\/figure>\n\n\n\n<div class=\"wp-block-group wp-container-content-958eb9dc has-global-padding is-layout-constrained wp-container-core-group-is-layout-c06d165c wp-block-group-is-layout-constrained\" style=\"padding-top:0;padding-right:0;padding-bottom:0;padding-left:0\">\n<div class=\"wp-block-group is-content-justification-space-between is-layout-flex wp-container-core-group-is-layout-6dafecd9 wp-block-group-is-layout-flex\" style=\"padding-top:0;padding-right:0;padding-bottom:0;padding-left:0\">\n<h3 class=\"wp-block-heading\">Produkt Dwa<\/h3>\n\n\n\n<h3 class=\"wp-block-heading\">19,99 USD<\/h3>\n<\/div>\n\n\n\n<p>Ten produkt zapewnia doskona\u0142\u0105 jako\u015b\u0107 i wyj\u0105tkow\u0105 warto\u015b\u0107.<\/p>\n<\/div>\n<\/div>\n<\/div>\n<\/div>\n<\/div>\n\n\n\n<div class=\"wp-block-column is-vertically-aligned-stretch ext-animate--on is-layout-flow wp-container-core-column-is-layout-119bc444 wp-block-column-is-layout-flow\">\n<div class=\"wp-block-group is-style-ext-preset--group--natural-1--item-card-1--align-start has-global-padding is-layout-constrained wp-block-group-is-layout-constrained\">\n<div class=\"wp-block-group is-style-default has-global-padding is-layout-constrained wp-block-group-is-layout-constrained\">\n<div class=\"wp-block-group is-nowrap is-layout-flex wp-container-core-group-is-layout-73492678 wp-block-group-is-layout-flex\" style=\"padding-top:0;padding-right:0;padding-bottom:0;padding-left:0\">\n<figure class=\"wp-block-image size-large has-custom-border ext-aspect-landscape wp-container-content-d9f67ff0\"><img loading=\"lazy\" decoding=\"async\" width=\"1280\" height=\"720\" class=\"wp-image-19\" src=\"http:\/\/sklep.dzielasztuki.pl\/wp-content\/uploads\/2026\/03\/380ebdfbbab432731c2ec5445fdd2dbb5cc9540a.jpg\" alt=\"\" style=\"border-radius:100px;aspect-ratio:1;object-fit:cover\" srcset=\"https:\/\/sklep.dzielasztuki.pl\/wp-content\/uploads\/2026\/03\/380ebdfbbab432731c2ec5445fdd2dbb5cc9540a.jpg 1280w, https:\/\/sklep.dzielasztuki.pl\/wp-content\/uploads\/2026\/03\/380ebdfbbab432731c2ec5445fdd2dbb5cc9540a-300x169.jpg 300w, https:\/\/sklep.dzielasztuki.pl\/wp-content\/uploads\/2026\/03\/380ebdfbbab432731c2ec5445fdd2dbb5cc9540a-1024x576.jpg 1024w, https:\/\/sklep.dzielasztuki.pl\/wp-content\/uploads\/2026\/03\/380ebdfbbab432731c2ec5445fdd2dbb5cc9540a-768x432.jpg 768w, https:\/\/sklep.dzielasztuki.pl\/wp-content\/uploads\/2026\/03\/380ebdfbbab432731c2ec5445fdd2dbb5cc9540a-600x338.jpg 600w\" sizes=\"auto, (max-width: 1280px) 100vw, 1280px\" \/><\/figure>\n\n\n\n<div class=\"wp-block-group wp-container-content-958eb9dc has-global-padding is-layout-constrained wp-container-core-group-is-layout-c06d165c wp-block-group-is-layout-constrained\" style=\"padding-top:0;padding-right:0;padding-bottom:0;padding-left:0\">\n<div class=\"wp-block-group is-content-justification-space-between is-layout-flex wp-container-core-group-is-layout-6dafecd9 wp-block-group-is-layout-flex\" style=\"padding-top:0;padding-right:0;padding-bottom:0;padding-left:0\">\n<h3 class=\"wp-block-heading\">Produkt jeden.<\/h3>\n\n\n\n<h3 class=\"wp-block-heading\">39,99 USD<\/h3>\n<\/div>\n\n\n\n<p>Ten produkt zosta\u0142 zaprojektowany z najwy\u017cszej jako\u015bci funkcjami dla maksymalnej wydajno\u015bci.<\/p>\n<\/div>\n<\/div>\n<\/div>\n<\/div>\n<\/div>\n<\/div>\n\n\n\n<div class=\"wp-block-columns alignwide is-layout-flex wp-container-core-columns-is-layout-967d05ff wp-block-columns-is-layout-flex\" style=\"margin-top:var(--wp--preset--spacing--40)\">\n<div class=\"wp-block-column is-vertically-aligned-stretch ext-animate--on is-layout-flow wp-container-core-column-is-layout-119bc444 wp-block-column-is-layout-flow\">\n<div class=\"wp-block-group is-style-ext-preset--group--natural-1--item-card-1--align-start has-global-padding is-layout-constrained wp-block-group-is-layout-constrained\">\n<div class=\"wp-block-group is-style-default has-global-padding is-layout-constrained wp-block-group-is-layout-constrained\">\n<div class=\"wp-block-group is-nowrap is-layout-flex wp-container-core-group-is-layout-73492678 wp-block-group-is-layout-flex\" style=\"padding-top:0;padding-right:0;padding-bottom:0;padding-left:0\">\n<figure class=\"wp-block-image size-large has-custom-border ext-aspect-landscape wp-container-content-d9f67ff0\"><img loading=\"lazy\" decoding=\"async\" width=\"1280\" height=\"853\" class=\"wp-image-20\" src=\"http:\/\/sklep.dzielasztuki.pl\/wp-content\/uploads\/2026\/03\/5fe21ebbc14a4006fe80cd744d1b813e1dc04eb7.jpg\" alt=\"\" style=\"border-radius:100px;aspect-ratio:1;object-fit:cover\" srcset=\"https:\/\/sklep.dzielasztuki.pl\/wp-content\/uploads\/2026\/03\/5fe21ebbc14a4006fe80cd744d1b813e1dc04eb7.jpg 1280w, https:\/\/sklep.dzielasztuki.pl\/wp-content\/uploads\/2026\/03\/5fe21ebbc14a4006fe80cd744d1b813e1dc04eb7-300x200.jpg 300w, https:\/\/sklep.dzielasztuki.pl\/wp-content\/uploads\/2026\/03\/5fe21ebbc14a4006fe80cd744d1b813e1dc04eb7-1024x682.jpg 1024w, https:\/\/sklep.dzielasztuki.pl\/wp-content\/uploads\/2026\/03\/5fe21ebbc14a4006fe80cd744d1b813e1dc04eb7-768x512.jpg 768w, https:\/\/sklep.dzielasztuki.pl\/wp-content\/uploads\/2026\/03\/5fe21ebbc14a4006fe80cd744d1b813e1dc04eb7-600x400.jpg 600w\" sizes=\"auto, (max-width: 1280px) 100vw, 1280px\" \/><\/figure>\n\n\n\n<div class=\"wp-block-group wp-container-content-958eb9dc has-global-padding is-layout-constrained wp-container-core-group-is-layout-c06d165c wp-block-group-is-layout-constrained\" style=\"padding-top:0;padding-right:0;padding-bottom:0;padding-left:0\">\n<div class=\"wp-block-group is-content-justification-space-between is-layout-flex wp-container-core-group-is-layout-6dafecd9 wp-block-group-is-layout-flex\" style=\"padding-top:0;padding-right:0;padding-bottom:0;padding-left:0\">\n<h3 class=\"wp-block-heading\">Produkt Trzy<\/h3>\n\n\n\n<h3 class=\"wp-block-heading\">29,99 USD<\/h3>\n<\/div>\n\n\n\n<p>Ten produkt zapewnia doskona\u0142\u0105 niezawodno\u015b\u0107 i niezr\u00f3wnan\u0105 funkcjonalno\u015b\u0107.<\/p>\n<\/div>\n<\/div>\n<\/div>\n<\/div>\n<\/div>\n\n\n\n<div class=\"wp-block-column is-vertically-aligned-stretch ext-animate--on is-layout-flow wp-container-core-column-is-layout-119bc444 wp-block-column-is-layout-flow\">\n<div class=\"wp-block-group is-style-ext-preset--group--natural-1--item-card-1--align-start has-global-padding is-layout-constrained wp-block-group-is-layout-constrained\">\n<div class=\"wp-block-group is-style-default has-global-padding is-layout-constrained wp-block-group-is-layout-constrained\">\n<div class=\"wp-block-group is-nowrap is-layout-flex wp-container-core-group-is-layout-73492678 wp-block-group-is-layout-flex\" style=\"padding-top:0;padding-right:0;padding-bottom:0;padding-left:0\">\n<figure class=\"wp-block-image size-large has-custom-border ext-aspect-landscape wp-container-content-d9f67ff0\"><img loading=\"lazy\" decoding=\"async\" width=\"1280\" height=\"985\" class=\"wp-image-21\" src=\"http:\/\/sklep.dzielasztuki.pl\/wp-content\/uploads\/2026\/03\/3e6786de400678a7ba4c8bdc620cc75c9c5e9e9e.jpg\" alt=\"\" style=\"border-radius:100px;aspect-ratio:1;object-fit:cover\" srcset=\"https:\/\/sklep.dzielasztuki.pl\/wp-content\/uploads\/2026\/03\/3e6786de400678a7ba4c8bdc620cc75c9c5e9e9e.jpg 1280w, https:\/\/sklep.dzielasztuki.pl\/wp-content\/uploads\/2026\/03\/3e6786de400678a7ba4c8bdc620cc75c9c5e9e9e-300x231.jpg 300w, https:\/\/sklep.dzielasztuki.pl\/wp-content\/uploads\/2026\/03\/3e6786de400678a7ba4c8bdc620cc75c9c5e9e9e-1024x788.jpg 1024w, https:\/\/sklep.dzielasztuki.pl\/wp-content\/uploads\/2026\/03\/3e6786de400678a7ba4c8bdc620cc75c9c5e9e9e-768x591.jpg 768w, https:\/\/sklep.dzielasztuki.pl\/wp-content\/uploads\/2026\/03\/3e6786de400678a7ba4c8bdc620cc75c9c5e9e9e-600x462.jpg 600w\" sizes=\"auto, (max-width: 1280px) 100vw, 1280px\" \/><\/figure>\n\n\n\n<div class=\"wp-block-group wp-container-content-958eb9dc has-global-padding is-layout-constrained wp-container-core-group-is-layout-c06d165c wp-block-group-is-layout-constrained\" style=\"padding-top:0;padding-right:0;padding-bottom:0;padding-left:0\">\n<div class=\"wp-block-group is-content-justification-space-between is-layout-flex wp-container-core-group-is-layout-6dafecd9 wp-block-group-is-layout-flex\" style=\"padding-top:0;padding-right:0;padding-bottom:0;padding-left:0\">\n<h3 class=\"wp-block-heading\">Produkt Dwa<\/h3>\n\n\n\n<h3 class=\"wp-block-heading\">19,99 USD<\/h3>\n<\/div>\n\n\n\n<p>Ten produkt zapewnia doskona\u0142\u0105 jako\u015b\u0107 i wyj\u0105tkow\u0105 warto\u015b\u0107.<\/p>\n<\/div>\n<\/div>\n<\/div>\n<\/div>\n<\/div>\n<\/div>\n<\/div>\n","protected":false},"excerpt":{"rendered":"<p>Odkryj nasze pyszne menu. Ta sekcja podkre\u015bla r\u00f3\u017cnorodno\u015b\u0107 da\u0144 w naszym menu. Produkt jeden. 9,99 USD Ten produkt zosta\u0142 zaprojektowany z najwy\u017cszej jako\u015bci funkcjami dla maksymalnej wydajno\u015bci. Produkt Cztery 39,99 USD Ten produkt wyr\u00f3\u017cnia si\u0119 wysok\u0105 jako\u015bci\u0105 wykonania i funkcjonalno\u015bci\u0105. Produkt Dwa 19,99 USD Ten produkt zapewnia doskona\u0142\u0105 jako\u015b\u0107 i wyj\u0105tkow\u0105 warto\u015b\u0107. Produkt jeden. 39,99 [&hellip;]<\/p>\n","protected":false},"author":1,"featured_media":0,"parent":0,"menu_order":0,"comment_status":"closed","ping_status":"closed","template":"page-with-title","meta":{"footnotes":""},"class_list":["post-14","page","type-page","status-publish","hentry"],"_links":{"self":[{"href":"https:\/\/sklep.dzielasztuki.pl\/index.php\/wp-json\/wp\/v2\/pages\/14","targetHints":{"allow":["GET"]}}],"collection":[{"href":"https:\/\/sklep.dzielasztuki.pl\/index.php\/wp-json\/wp\/v2\/pages"}],"about":[{"href":"https:\/\/sklep.dzielasztuki.pl\/index.php\/wp-json\/wp\/v2\/types\/page"}],"author":[{"embeddable":true,"href":"https:\/\/sklep.dzielasztuki.pl\/index.php\/wp-json\/wp\/v2\/users\/1"}],"replies":[{"embeddable":true,"href":"https:\/\/sklep.dzielasztuki.pl\/index.php\/wp-json\/wp\/v2\/comments?post=14"}],"version-history":[{"count":2,"href":"https:\/\/sklep.dzielasztuki.pl\/index.php\/wp-json\/wp\/v2\/pages\/14\/revisions"}],"predecessor-version":[{"id":22,"href":"https:\/\/sklep.dzielasztuki.pl\/index.php\/wp-json\/wp\/v2\/pages\/14\/revisions\/22"}],"wp:attachment":[{"href":"https:\/\/sklep.dzielasztuki.pl\/index.php\/wp-json\/wp\/v2\/media?parent=14"}],"curies":[{"name":"wp","href":"https:\/\/api.w.org\/{rel}","templated":true}]}}